{"id":10470,"date":"2023-08-30T23:20:04","date_gmt":"2023-08-31T02:20:04","guid":{"rendered":"https:\/\/stg.superia.global\/newsletter\/"},"modified":"2025-09-15T23:43:06","modified_gmt":"2025-09-16T02:43:06","slug":"newsletter","status":"publish","type":"page","link":"https:\/\/stg.superia.global\/es\/newsletter\/","title":{"rendered":"Newsletter"},"content":{"rendered":"\t\t<div data-elementor-type=\"wp-page\" data-elementor-id=\"10470\" class=\"elementor elementor-10470 elementor-918\" data-elementor-post-type=\"page\">\n\t\t\t\t<div class=\"elementor-element elementor-element-808d7a5 e-flex e-con-boxed e-con e-parent\" data-id=\"808d7a5\" data-element_type=\"container\" data-e-type=\"container\" data-settings=\"{&quot;background_background&quot;:&quot;classic&quot;}\">\n\t\t\t\t\t<div class=\"e-con-inner\">\n\t\t\t\t<div class=\"elementor-element elementor-element-ffa93fe elementor-icon-list--layout-inline superia-breadcrumb elementor-list-item-link-full_width elementor-widget elementor-widget-icon-list\" data-id=\"ffa93fe\" data-element_type=\"widget\" data-e-type=\"widget\" data-widget_type=\"icon-list.default\">\n\t\t\t\t<div class=\"elementor-widget-container\">\n\t\t\t\t\t\t\t<ul class=\"elementor-icon-list-items elementor-inline-items\">\n\t\t\t\t\t\t\t<li class=\"elementor-icon-list-item elementor-inline-item\">\n\t\t\t\t\t\t\t\t\t\t<span class=\"elementor-icon-list-text\">Conhe\u00e7a<\/span>\n\t\t\t\t\t\t\t\t\t<\/li>\n\t\t\t\t\t\t\t\t<li class=\"elementor-icon-list-item elementor-inline-item\">\n\t\t\t\t\t\t\t\t\t\t<span class=\"elementor-icon-list-text\">Newsletter<\/span>\n\t\t\t\t\t\t\t\t\t<\/li>\n\t\t\t\t\t\t<\/ul>\n\t\t\t\t\t\t<\/div>\n\t\t\t\t<\/div>\n\t\t\t\t\t<\/div>\n\t\t\t\t<\/div>\n\t\t<div class=\"elementor-element elementor-element-839ba35 bg-container e-flex e-con-boxed e-con e-parent\" data-id=\"839ba35\" data-element_type=\"container\" data-e-type=\"container\" data-settings=\"{&quot;background_background&quot;:&quot;classic&quot;}\">\n\t\t\t\t\t<div class=\"e-con-inner\">\n\t\t<div class=\"elementor-element elementor-element-7333295 e-con-full elementor-hidden-tablet elementor-hidden-mobile e-flex e-con e-child\" data-id=\"7333295\" data-element_type=\"container\" data-e-type=\"container\">\n\t\t\t\t<\/div>\n\t\t<div class=\"elementor-element elementor-element-18bccbd e-con-full e-flex e-con e-child\" data-id=\"18bccbd\" data-element_type=\"container\" data-e-type=\"container\" data-settings=\"{&quot;background_background&quot;:&quot;classic&quot;}\">\n\t\t\t\t<div class=\"elementor-element elementor-element-23ed2c1 elementor-widget elementor-widget-heading\" data-id=\"23ed2c1\" data-element_type=\"widget\" data-e-type=\"widget\" data-widget_type=\"heading.default\">\n\t\t\t\t<div class=\"elementor-widget-container\">\n\t\t\t\t\t<h2 class=\"elementor-heading-title elementor-size-default\">Suscr\u00edbase a nuestro bolet\u00edn para recibir <strong>contenido exclusivo<\/strong>.<\/h2>\t\t\t\t<\/div>\n\t\t\t\t<\/div>\n\t\t\t\t<div class=\"elementor-element elementor-element-744083e elementor-widget elementor-widget-html\" data-id=\"744083e\" data-element_type=\"widget\" data-e-type=\"widget\" data-widget_type=\"html.default\">\n\t\t\t\t<div class=\"elementor-widget-container\">\n\t\t\t\t\t<div role=\"main\" id=\"newsletter-14c2f3bfbc1b6f535068\"><\/div><script type=\"text\/javascript\" src=\"https:\/\/d335luupugsy2.cloudfront.net\/js\/rdstation-forms\/stable\/rdstation-forms.min.js\">\r\n    \r\n    \r\n<\/script>\r\n\r\n<!--<iframe title=\"Formex [NOVO SITE] Newsletter\" name=\"iframe_formex_lahar\" width=\"100%\" height=\"360px\" frameborder=\"0\" style=\"background: none; border: none;\" allowtransparency=\"true\" src=\"https:\/\/forms.lahar.com.br\/formularios-externos\/acessa\/novositepaginadecontato-dX98YplKE9YmFLKQV4ZMXxA79c\">Seu navegador n\u00e3o possui suporte para iframes.<\/iframe>-->\r\n\t\t\t\t<\/div>\n\t\t\t\t<\/div>\n\t\t\t\t<div class=\"elementor-element elementor-element-5952b24 news-texto-politica-privacidade elementor-widget elementor-widget-text-editor\" data-id=\"5952b24\" data-element_type=\"widget\" data-e-type=\"widget\" data-widget_type=\"text-editor.default\">\n\t\t\t\t<div class=\"elementor-widget-container\">\n\t\t\t\t\t\t\t\t\tAl suscribirme al newsletter, declaro que conozco la <a href=\"https:\/\/stg.superia.global\/wp-content\/uploads\/2023\/09\/Politica-de-Privacidade-e-Protecao-de-Dados-Superia-2023.pdf\"><span style=\"text-decoration: underline;\">Pol\u00edtica de Privacidad<\/span><\/a> y autorizo el uso de mi informaci\u00f3n por parte de SUPERIA.\t\t\t\t\t\t\t\t<\/div>\n\t\t\t\t<\/div>\n\t\t\t\t<\/div>\n\t\t\t\t\t<\/div>\n\t\t\t\t<\/div>\n\t\t<div class=\"elementor-element elementor-element-6ea6800 elementor-hidden-desktop e-flex e-con-boxed e-con e-parent\" data-id=\"6ea6800\" data-element_type=\"container\" data-e-type=\"container\">\n\t\t\t\t\t<div class=\"e-con-inner\">\n\t\t\t\t<div class=\"elementor-element elementor-element-3543fbd elementor-widget elementor-widget-image\" data-id=\"3543fbd\" data-element_type=\"widget\" data-e-type=\"widget\" data-widget_type=\"image.default\">\n\t\t\t\t<div class=\"elementor-widget-container\">\n\t\t\t\t\t\t\t\t\t\t\t\t\t\t\t<img fetchpriority=\"high\" decoding=\"async\" width=\"800\" height=\"533\" src=\"https:\/\/stg.superia.global\/wp-content\/uploads\/2022\/07\/Superia-474-scaled-e1669756563980.jpg\" class=\"attachment-large size-large wp-image-7318\" alt=\"Newsletter Superia\" srcset=\"https:\/\/stg.superia.global\/wp-content\/uploads\/2022\/07\/Superia-474-scaled-e1669756563980.jpg 879w, https:\/\/stg.superia.global\/wp-content\/uploads\/2022\/07\/Superia-474-scaled-e1669756563980-300x200.jpg 300w, https:\/\/stg.superia.global\/wp-content\/uploads\/2022\/07\/Superia-474-scaled-e1669756563980-768x512.jpg 768w\" sizes=\"(max-width: 800px) 100vw, 800px\" \/>\t\t\t\t\t\t\t\t\t\t\t\t\t\t\t<\/div>\n\t\t\t\t<\/div>\n\t\t\t\t\t<\/div>\n\t\t\t\t<\/div>\n\t\t\t\t<\/div>\n\t\t","protected":false},"excerpt":{"rendered":"<p>Conhe\u00e7a Newsletter Suscr\u00edbase a nuestro bolet\u00edn para recibir contenido exclusivo. Al suscribirme al newsletter, declaro que conozco la Pol\u00edtica de Privacidad y autorizo el uso de mi informaci\u00f3n por parte de SUPERIA.<\/p>\n","protected":false},"author":1,"featured_media":0,"parent":0,"menu_order":0,"comment_status":"closed","ping_status":"closed","template":"","meta":{"footnotes":""},"class_list":["post-10470","page","type-page","status-publish","hentry"],"yoast_head":"<!-- This site is optimized with the Yoast SEO Premium plugin v24.2 (Yoast SEO v27.2) - https:\/\/yoast.com\/product\/yoast-seo-premium-wordpress\/ -->\n<title>Newsletter - SUPERIA<\/title>\n<meta name=\"description\" content=\"Assine a newsletter da Superia Global e receba insights exclusivos, novidades e tend\u00eancias sobre com\u00e9rcio exterior diretamente no seu e-mail!\" \/>\n<meta name=\"robots\" content=\"index, follow, max-snippet:-1, max-image-preview:large, max-video-preview:-1\" \/>\n<link rel=\"canonical\" href=\"https:\/\/stg.superia.global\/es\/newsletter\/\" \/>\n<meta property=\"og:locale\" content=\"es_ES\" \/>\n<meta property=\"og:type\" content=\"article\" \/>\n<meta property=\"og:title\" content=\"Newsletter\" \/>\n<meta property=\"og:description\" content=\"Assine a newsletter da Superia Global e receba insights exclusivos, novidades e tend\u00eancias sobre com\u00e9rcio exterior diretamente no seu e-mail!\" \/>\n<meta property=\"og:url\" content=\"https:\/\/stg.superia.global\/es\/newsletter\/\" \/>\n<meta property=\"og:site_name\" content=\"SUPERIA\" \/>\n<meta property=\"article:modified_time\" content=\"2025-09-16T02:43:06+00:00\" \/>\n<meta property=\"og:image\" content=\"https:\/\/stg.superia.global\/wp-content\/uploads\/2022\/07\/Superia-474-scaled-e1669756563980.jpg\" \/>\n\t<meta property=\"og:image:width\" content=\"879\" \/>\n\t<meta property=\"og:image:height\" content=\"586\" \/>\n\t<meta property=\"og:image:type\" content=\"image\/jpeg\" \/>\n<meta name=\"twitter:card\" content=\"summary_large_image\" \/>\n<meta name=\"twitter:label1\" content=\"Tiempo de lectura\" \/>\n\t<meta name=\"twitter:data1\" content=\"1 minuto\" \/>\n<!-- \/ Yoast SEO Premium plugin. -->","yoast_head_json":{"title":"Newsletter - SUPERIA","description":"Assine a newsletter da Superia Global e receba insights exclusivos, novidades e tend\u00eancias sobre com\u00e9rcio exterior diretamente no seu e-mail!","robots":{"index":"index","follow":"follow","max-snippet":"max-snippet:-1","max-image-preview":"max-image-preview:large","max-video-preview":"max-video-preview:-1"},"canonical":"https:\/\/stg.superia.global\/es\/newsletter\/","og_locale":"es_ES","og_type":"article","og_title":"Newsletter","og_description":"Assine a newsletter da Superia Global e receba insights exclusivos, novidades e tend\u00eancias sobre com\u00e9rcio exterior diretamente no seu e-mail!","og_url":"https:\/\/stg.superia.global\/es\/newsletter\/","og_site_name":"SUPERIA","article_modified_time":"2025-09-16T02:43:06+00:00","og_image":[{"width":879,"height":586,"url":"https:\/\/stg.superia.global\/wp-content\/uploads\/2022\/07\/Superia-474-scaled-e1669756563980.jpg","type":"image\/jpeg"}],"twitter_card":"summary_large_image","twitter_misc":{"Tiempo de lectura":"1 minuto"},"schema":{"@context":"https:\/\/schema.org","@graph":[{"@type":"WebPage","@id":"https:\/\/stg.superia.global\/es\/newsletter\/","url":"https:\/\/stg.superia.global\/es\/newsletter\/","name":"Newsletter - SUPERIA","isPartOf":{"@id":"https:\/\/stg.superia.global\/es\/#website"},"primaryImageOfPage":{"@id":"https:\/\/stg.superia.global\/es\/newsletter\/#primaryimage"},"image":{"@id":"https:\/\/stg.superia.global\/es\/newsletter\/#primaryimage"},"thumbnailUrl":"https:\/\/stg.superia.global\/wp-content\/uploads\/2022\/07\/Superia-474-scaled-e1669756563980.jpg","datePublished":"2023-08-31T02:20:04+00:00","dateModified":"2025-09-16T02:43:06+00:00","description":"Assine a newsletter da Superia Global e receba insights exclusivos, novidades e tend\u00eancias sobre com\u00e9rcio exterior diretamente no seu e-mail!","inLanguage":"es","potentialAction":[{"@type":"ReadAction","target":["https:\/\/stg.superia.global\/es\/newsletter\/"]}]},{"@type":"ImageObject","inLanguage":"es","@id":"https:\/\/stg.superia.global\/es\/newsletter\/#primaryimage","url":"https:\/\/stg.superia.global\/wp-content\/uploads\/2022\/07\/Superia-474-scaled-e1669756563980.jpg","contentUrl":"https:\/\/stg.superia.global\/wp-content\/uploads\/2022\/07\/Superia-474-scaled-e1669756563980.jpg"},{"@type":"WebSite","@id":"https:\/\/stg.superia.global\/es\/#website","url":"https:\/\/stg.superia.global\/es\/","name":"SUPERIA","description":"Com mais de 20 anos de experi\u00eancia, oferecemos solu\u00e7\u00f5es completas em processos de importa\u00e7\u00e3o e exporta\u00e7\u00e3o.","publisher":{"@id":"https:\/\/stg.superia.global\/es\/#organization"},"potentialAction":[{"@type":"SearchAction","target":{"@type":"EntryPoint","urlTemplate":"https:\/\/stg.superia.global\/es\/?s={search_term_string}"},"query-input":{"@type":"PropertyValueSpecification","valueRequired":true,"valueName":"search_term_string"}}],"inLanguage":"es"},{"@type":"Organization","@id":"https:\/\/stg.superia.global\/es\/#organization","name":"SUPERIA","url":"https:\/\/stg.superia.global\/es\/","logo":{"@type":"ImageObject","inLanguage":"es","@id":"https:\/\/stg.superia.global\/es\/#\/schema\/logo\/image\/","url":"https:\/\/stg.superia.global\/wp-content\/uploads\/2023\/08\/Logo-branca-1.png","contentUrl":"https:\/\/stg.superia.global\/wp-content\/uploads\/2023\/08\/Logo-branca-1.png","width":350,"height":100,"caption":"SUPERIA"},"image":{"@id":"https:\/\/stg.superia.global\/es\/#\/schema\/logo\/image\/"}}]}},"_links":{"self":[{"href":"https:\/\/stg.superia.global\/es\/wp-json\/wp\/v2\/pages\/10470","targetHints":{"allow":["GET"]}}],"collection":[{"href":"https:\/\/stg.superia.global\/es\/wp-json\/wp\/v2\/pages"}],"about":[{"href":"https:\/\/stg.superia.global\/es\/wp-json\/wp\/v2\/types\/page"}],"author":[{"embeddable":true,"href":"https:\/\/stg.superia.global\/es\/wp-json\/wp\/v2\/users\/1"}],"replies":[{"embeddable":true,"href":"https:\/\/stg.superia.global\/es\/wp-json\/wp\/v2\/comments?post=10470"}],"version-history":[{"count":6,"href":"https:\/\/stg.superia.global\/es\/wp-json\/wp\/v2\/pages\/10470\/revisions"}],"predecessor-version":[{"id":11089,"href":"https:\/\/stg.superia.global\/es\/wp-json\/wp\/v2\/pages\/10470\/revisions\/11089"}],"wp:attachment":[{"href":"https:\/\/stg.superia.global\/es\/wp-json\/wp\/v2\/media?parent=10470"}],"curies":[{"name":"wp","href":"https:\/\/api.w.org\/{rel}","templated":true}]}}